{"id":224,"date":"2025-03-03T08:49:07","date_gmt":"2025-03-03T08:49:07","guid":{"rendered":"https:\/\/evne.bravisthemes.com\/?page_id=224"},"modified":"2025-06-25T18:01:46","modified_gmt":"2025-06-25T18:01:46","slug":"kontaktai","status":"publish","type":"page","link":"https:\/\/mes360.lt\/en\/kontaktai\/","title":{"rendered":"Kontaktai"},"content":{"rendered":"<div data-elementor-type=\"wp-page\" data-elementor-id=\"224\" class=\"elementor elementor-224\" data-elementor-post-type=\"page\">\n\t\t\t\t        <section class=\"elementor-section elementor-top-section elementor-element elementor-element-daead26 elementor-section-stretched elementor-section-boxed elementor-section-height-default elementor-section-height-default pxl-row-scroll-none pxl-zoom-point-false pxl-section-overflow-visible pxl-section-fix-none pxl-bg-color-none pxl-section-overlay-none\" data-id=\"daead26\" data-element_type=\"section\" data-settings=\"{&quot;background_background&quot;:&quot;classic&quot;,&quot;stretch_section&quot;:&quot;section-stretched&quot;}\">\n\n                \n                <div class=\"elementor-container elementor-column-gap-extended\">\n                <div class=\"elementor-column elementor-col-100 elementor-top-column elementor-element elementor-element-40fbd0a pxl-column-none pxl-column-overflow-hidden-no\" data-id=\"40fbd0a\" data-element_type=\"column\">\r\n        <div class=\"elementor-widget-wrap elementor-element-populated\">\r\n                     \r\n        \t\t<div class=\"elementor-element elementor-element-89321bc elementor-widget elementor-widget-pxl_heading\" data-id=\"89321bc\" data-element_type=\"widget\" data-widget_type=\"pxl_heading.default\">\n\t\t\t\t<div class=\"elementor-widget-container\">\n\t\t\t\t\t\n<div id=\"pxl-pxl_heading-89321bc-3862\" class=\"pxl-heading px-sub-title-default-style\">\n\t<div class=\"pxl-heading--inner\">\n\t\t\n\t\t<h3 class=\"pxl-item--title style-default highlight-default\" data-wow-delay=\"ms\">\n\n\t\t\t<span class=\"pxl-heading--text\">\n\n\t\t\t\t\t\t\t\t\tPara\u0161yk mums\t\n\t\t\t\t\t\n\n\t\t\t<\/span>\n\t\t<\/h3>\n\t\t\n\t<\/div>\n<\/div>\t\t\t\t<\/div>\n\t\t\t\t<\/div>\n\t\t        <section class=\"elementor-section elementor-inner-section elementor-element elementor-element-30b07b7 elementor-section-boxed elementor-section-height-default elementor-section-height-default pxl-row-scroll-none pxl-zoom-point-false pxl-section-overflow-visible pxl-section-fix-none pxl-bg-color-none pxl-section-overlay-none\" data-id=\"30b07b7\" data-element_type=\"section\">\n\n                \n                <div class=\"elementor-container elementor-column-gap-default\">\n                <div class=\"elementor-column elementor-col-100 elementor-inner-column elementor-element elementor-element-638c110 pxl-column-none pxl-column-overflow-hidden-no\" data-id=\"638c110\" data-element_type=\"column\">\r\n        <div class=\"elementor-widget-wrap elementor-element-populated\">\r\n                     \r\n        \t\t<div class=\"elementor-element elementor-element-c0aecc4 elementor-widget elementor-widget-pxl_contact_form\" data-id=\"c0aecc4\" data-element_type=\"widget\" data-widget_type=\"pxl_contact_form.default\">\n\t\t\t\t<div class=\"elementor-widget-container\">\n\t\t\t\t\t    <div class=\"pxl-contact-form pxl-contact-form1 btn-w-auto\" data-wow-delay=\"ms\">\r\n        \n<div class=\"wpcf7 no-js\" id=\"wpcf7-f241-o1\" lang=\"en-US\" dir=\"ltr\" data-wpcf7-id=\"241\">\n<div class=\"screen-reader-response\"><p role=\"status\" aria-live=\"polite\" aria-atomic=\"true\"><\/p> <ul><\/ul><\/div>\n<form action=\"\/en\/wp-json\/wp\/v2\/pages\/224#wpcf7-f241-o1\" method=\"post\" class=\"wpcf7-form init\" aria-label=\"Contact form\" novalidate=\"novalidate\" data-status=\"init\" data-trp-original-action=\"\/en\/wp-json\/wp\/v2\/pages\/224#wpcf7-f241-o1\">\n<fieldset class=\"hidden-fields-container\"><input type=\"hidden\" name=\"_wpcf7\" value=\"241\" \/><input type=\"hidden\" name=\"_wpcf7_version\" value=\"6.1\" \/><input type=\"hidden\" name=\"_wpcf7_locale\" value=\"en_US\" \/><input type=\"hidden\" name=\"_wpcf7_unit_tag\" value=\"wpcf7-f241-o1\" \/><input type=\"hidden\" name=\"_wpcf7_container_post\" value=\"0\" \/><input type=\"hidden\" name=\"_wpcf7_posted_data_hash\" value=\"\" \/>\n<\/fieldset>\n<div class=\"wpcf7-contact-1\">\n\t<div class=\"row\">\n\t\t<div class=\"col-lg-6 col-md-6 col-sm-12\">\n\t\t\t<div class=\"pxl--item1\">\n\t\t\t\t<p><span class=\"wpcf7-form-control-wrap\" data-name=\"your-name\"><input size=\"40\" maxlength=\"400\" class=\"wpcf7-form-control wpcf7-text wpcf7-validates-as-required\" aria-required=\"true\" aria-invalid=\"false\" placeholder=\"Vardas\" value=\"\" type=\"text\" name=\"your-name\" \/><\/span>\n\t\t\t\t<\/p>\n\t\t\t<\/div>\n\t\t<\/div>\n\t\t<div class=\"col-lg-6 col-md-6 col-sm-12\">\n\t\t\t<div class=\"pxl--item1\">\n\t\t\t\t<p><span class=\"wpcf7-form-control-wrap\" data-name=\"your-email\"><input size=\"40\" maxlength=\"400\" class=\"wpcf7-form-control wpcf7-email wpcf7-validates-as-required wpcf7-text wpcf7-validates-as-email\" aria-required=\"true\" aria-invalid=\"false\" placeholder=\"El. pa\u0161tas\" value=\"\" type=\"email\" name=\"your-email\" \/><\/span>\n\t\t\t\t<\/p>\n\t\t\t<\/div>\n\t\t<\/div>\n\t<\/div>\n\t<div class=\"pxl--item1\">\n\t\t<p><span class=\"wpcf7-form-control-wrap\" data-name=\"your-site\"><input size=\"40\" maxlength=\"400\" class=\"wpcf7-form-control wpcf7-text\" aria-invalid=\"false\" placeholder=\"J\u016bs\u0173 internetin\u0117 svetain\u0117\/socialinio tinklio nuoroda\" value=\"\" type=\"text\" name=\"your-site\" \/><\/span>\n\t\t<\/p>\n\t<\/div>\n\t<div class=\"pxl--item1\">\n\t\t<p><span class=\"wpcf7-form-control-wrap\" data-name=\"your-message\"><textarea cols=\"40\" rows=\"10\" maxlength=\"2000\" class=\"wpcf7-form-control wpcf7-textarea wpcf7-validates-as-required\" aria-required=\"true\" aria-invalid=\"false\" placeholder=\"\u017dinut\u0117\" name=\"your-message\"><\/textarea><\/span>\n\t\t<\/p>\n\t<\/div>\n\t<p><button type=\"submit\" class=\"contact-submit\">Si\u0173sti <svg xmlns=\"http:\/\/www.w3.org\/2000\/svg\" width=\"24\" height=\"24\" viewbox=\"0 0 24 24\" fill=\"none\">\n<path d=\"M0.87207 4.10344C0.87207 5.42824 1.94727 6.50344 3.27207 6.50344H12.9441L0.87207 14.6246L4.43127 15.393L4.68716 19.1246L15.6969 10.437L12.3897 19.5258C11.9361 20.7714 12.5793 22.149 13.8249 22.6026C15.0705 23.0562 16.4481 22.413 16.9017 21.1674L21.8697 7.52104C22.3401 6.24184 21.6321 4.80424 20.3241 4.41064C20.2857 4.34344 20.2401 4.28104 20.1921 4.22104C20.2713 2.85784 19.1601 1.70104 17.7969 1.70584H3.27447C1.94967 1.70584 0.87447 2.78104 0.87447 4.10584L0.87207 4.10344Z\" fill=\"white\"\/>\n<\/svg><\/button>\n\t<\/p>\n<\/div><div class=\"wpcf7-response-output\" aria-hidden=\"true\"><\/div>\n<input type=\"hidden\" name=\"trp-form-language\" value=\"en\"\/><\/form>\n<\/div>\n    <\/div>\r\n\t\t\t\t<\/div>\n\t\t\t\t<\/div>\n\t\t            <\/div>\r\n        <\/div>\r\n        \t\t\t<\/div>\n\t\t<\/section>\n\t\t            <\/div>\r\n        <\/div>\r\n        \t\t\t<\/div>\n\t\t<\/section>\n\t\t\t\t<\/div>","protected":false},"excerpt":{"rendered":"<p>Para\u0161yk mums Sutinku su s\u0105lygomis ir perskai\u010diau privatumo politik\u0105 * Si\u0173sti<\/p>","protected":false},"author":5,"featured_media":0,"parent":0,"menu_order":0,"comment_status":"closed","ping_status":"closed","template":"","meta":{"footnotes":""},"class_list":["post-224","page","type-page","status-publish","hentry"],"yoast_head":"<!-- This site is optimized with the Yoast SEO plugin v25.3.1 - https:\/\/yoast.com\/wordpress\/plugins\/seo\/ -->\n<title>Kontaktai - MES360<\/title>\n<meta name=\"robots\" content=\"index, follow, max-snippet:-1, max-image-preview:large, max-video-preview:-1\" \/>\n<link rel=\"canonical\" href=\"https:\/\/mes360.lt\/en\/kontaktai\/\" \/>\n<meta property=\"og:locale\" content=\"en_US\" \/>\n<meta property=\"og:type\" content=\"article\" \/>\n<meta property=\"og:title\" content=\"Kontaktai - MES360\" \/>\n<meta property=\"og:description\" content=\"Para\u0161yk mums Sutinku su s\u0105lygomis ir perskai\u010diau privatumo politik\u0105 * Si\u0173sti\" \/>\n<meta property=\"og:url\" content=\"https:\/\/mes360.lt\/en\/kontaktai\/\" \/>\n<meta property=\"og:site_name\" content=\"MES360\" \/>\n<meta property=\"article:publisher\" content=\"https:\/\/www.facebook.com\/mes360\" \/>\n<meta property=\"article:modified_time\" content=\"2025-06-25T18:01:46+00:00\" \/>\n<meta name=\"twitter:card\" content=\"summary_large_image\" \/>\n<meta name=\"twitter:label1\" content=\"Est. reading time\" \/>\n\t<meta name=\"twitter:data1\" content=\"1 minute\" \/>\n<script type=\"application\/ld+json\" class=\"yoast-schema-graph\">{\"@context\":\"https:\/\/schema.org\",\"@graph\":[{\"@type\":\"WebPage\",\"@id\":\"https:\/\/mes360.lt\/kontaktai\/\",\"url\":\"https:\/\/mes360.lt\/kontaktai\/\",\"name\":\"Kontaktai - MES360\",\"isPartOf\":{\"@id\":\"https:\/\/mes360.lt\/#website\"},\"datePublished\":\"2025-03-03T08:49:07+00:00\",\"dateModified\":\"2025-06-25T18:01:46+00:00\",\"breadcrumb\":{\"@id\":\"https:\/\/mes360.lt\/kontaktai\/#breadcrumb\"},\"inLanguage\":\"en-US\",\"potentialAction\":[{\"@type\":\"ReadAction\",\"target\":[\"https:\/\/mes360.lt\/kontaktai\/\"]}]},{\"@type\":\"BreadcrumbList\",\"@id\":\"https:\/\/mes360.lt\/kontaktai\/#breadcrumb\",\"itemListElement\":[{\"@type\":\"ListItem\",\"position\":1,\"name\":\"Home\",\"item\":\"https:\/\/mes360.lt\/\"},{\"@type\":\"ListItem\",\"position\":2,\"name\":\"Kontaktai\"}]},{\"@type\":\"WebSite\",\"@id\":\"https:\/\/mes360.lt\/#website\",\"url\":\"https:\/\/mes360.lt\/\",\"name\":\"MES360\",\"description\":\"Skaitmenin\u0117s reklamos agent\u016bra\",\"publisher\":{\"@id\":\"https:\/\/mes360.lt\/#organization\"},\"potentialAction\":[{\"@type\":\"SearchAction\",\"target\":{\"@type\":\"EntryPoint\",\"urlTemplate\":\"https:\/\/mes360.lt\/?s={search_term_string}\"},\"query-input\":{\"@type\":\"PropertyValueSpecification\",\"valueRequired\":true,\"valueName\":\"search_term_string\"}}],\"inLanguage\":\"en-US\"},{\"@type\":\"Organization\",\"@id\":\"https:\/\/mes360.lt\/#organization\",\"name\":\"MES360\",\"url\":\"https:\/\/mes360.lt\/\",\"logo\":{\"@type\":\"ImageObject\",\"inLanguage\":\"en-US\",\"@id\":\"https:\/\/mes360.lt\/#\/schema\/logo\/image\/\",\"url\":\"https:\/\/mes360.lt\/wp-content\/uploads\/2025\/06\/MES360-icon-512-x-512-piks.png\",\"contentUrl\":\"https:\/\/mes360.lt\/wp-content\/uploads\/2025\/06\/MES360-icon-512-x-512-piks.png\",\"width\":512,\"height\":512,\"caption\":\"MES360\"},\"image\":{\"@id\":\"https:\/\/mes360.lt\/#\/schema\/logo\/image\/\"},\"sameAs\":[\"https:\/\/www.facebook.com\/mes360\",\"https:\/\/www.instagram.com\/mes360.lt\/\"]}]}<\/script>\n<!-- \/ Yoast SEO plugin. -->","yoast_head_json":{"title":"Kontaktai - MES360","robots":{"index":"index","follow":"follow","max-snippet":"max-snippet:-1","max-image-preview":"max-image-preview:large","max-video-preview":"max-video-preview:-1"},"canonical":"https:\/\/mes360.lt\/en\/kontaktai\/","og_locale":"en_US","og_type":"article","og_title":"Kontaktai - MES360","og_description":"Para\u0161yk mums Sutinku su s\u0105lygomis ir perskai\u010diau privatumo politik\u0105 * Si\u0173sti","og_url":"https:\/\/mes360.lt\/en\/kontaktai\/","og_site_name":"MES360","article_publisher":"https:\/\/www.facebook.com\/mes360","article_modified_time":"2025-06-25T18:01:46+00:00","twitter_card":"summary_large_image","twitter_misc":{"Est. reading time":"1 minute"},"schema":{"@context":"https:\/\/schema.org","@graph":[{"@type":"WebPage","@id":"https:\/\/mes360.lt\/kontaktai\/","url":"https:\/\/mes360.lt\/kontaktai\/","name":"Kontaktai - MES360","isPartOf":{"@id":"https:\/\/mes360.lt\/#website"},"datePublished":"2025-03-03T08:49:07+00:00","dateModified":"2025-06-25T18:01:46+00:00","breadcrumb":{"@id":"https:\/\/mes360.lt\/kontaktai\/#breadcrumb"},"inLanguage":"en-US","potentialAction":[{"@type":"ReadAction","target":["https:\/\/mes360.lt\/kontaktai\/"]}]},{"@type":"BreadcrumbList","@id":"https:\/\/mes360.lt\/kontaktai\/#breadcrumb","itemListElement":[{"@type":"ListItem","position":1,"name":"Home","item":"https:\/\/mes360.lt\/"},{"@type":"ListItem","position":2,"name":"Kontaktai"}]},{"@type":"WebSite","@id":"https:\/\/mes360.lt\/#website","url":"https:\/\/mes360.lt\/","name":"MES360","description":"Skaitmenin\u0117s reklamos agent\u016bra","publisher":{"@id":"https:\/\/mes360.lt\/#organization"},"potentialAction":[{"@type":"SearchAction","target":{"@type":"EntryPoint","urlTemplate":"https:\/\/mes360.lt\/?s={search_term_string}"},"query-input":{"@type":"PropertyValueSpecification","valueRequired":true,"valueName":"search_term_string"}}],"inLanguage":"en-US"},{"@type":"Organization","@id":"https:\/\/mes360.lt\/#organization","name":"MES360","url":"https:\/\/mes360.lt\/","logo":{"@type":"ImageObject","inLanguage":"en-US","@id":"https:\/\/mes360.lt\/#\/schema\/logo\/image\/","url":"https:\/\/mes360.lt\/wp-content\/uploads\/2025\/06\/MES360-icon-512-x-512-piks.png","contentUrl":"https:\/\/mes360.lt\/wp-content\/uploads\/2025\/06\/MES360-icon-512-x-512-piks.png","width":512,"height":512,"caption":"MES360"},"image":{"@id":"https:\/\/mes360.lt\/#\/schema\/logo\/image\/"},"sameAs":["https:\/\/www.facebook.com\/mes360","https:\/\/www.instagram.com\/mes360.lt\/"]}]}},"_links":{"self":[{"href":"https:\/\/mes360.lt\/en\/wp-json\/wp\/v2\/pages\/224","targetHints":{"allow":["GET"]}}],"collection":[{"href":"https:\/\/mes360.lt\/en\/wp-json\/wp\/v2\/pages"}],"about":[{"href":"https:\/\/mes360.lt\/en\/wp-json\/wp\/v2\/types\/page"}],"author":[{"embeddable":true,"href":"https:\/\/mes360.lt\/en\/wp-json\/wp\/v2\/users\/5"}],"replies":[{"embeddable":true,"href":"https:\/\/mes360.lt\/en\/wp-json\/wp\/v2\/comments?post=224"}],"version-history":[{"count":10,"href":"https:\/\/mes360.lt\/en\/wp-json\/wp\/v2\/pages\/224\/revisions"}],"predecessor-version":[{"id":5712,"href":"https:\/\/mes360.lt\/en\/wp-json\/wp\/v2\/pages\/224\/revisions\/5712"}],"wp:attachment":[{"href":"https:\/\/mes360.lt\/en\/wp-json\/wp\/v2\/media?parent=224"}],"curies":[{"name":"wp","href":"https:\/\/api.w.org\/{rel}","templated":true}]}}