{"id":4021,"date":"2025-04-05T04:19:47","date_gmt":"2025-04-05T04:19:47","guid":{"rendered":"https:\/\/evne.bravisthemes.com\/?page_id=4021"},"modified":"2026-01-23T13:30:46","modified_gmt":"2026-01-23T13:30:46","slug":"pagrindinis","status":"publish","type":"page","link":"https:\/\/mes360.lt\/en\/","title":{"rendered":"Pagrindinis"},"content":{"rendered":"<div data-elementor-type=\"wp-page\" data-elementor-id=\"4021\" class=\"elementor elementor-4021\" data-elementor-post-type=\"page\">\n\t\t\t\t        <section class=\"elementor-section elementor-top-section elementor-element elementor-element-e664ee4 elementor-section-stretched elementor-section-full_width elementor-section-height-default elementor-section-height-default pxl-row-scroll-none pxl-zoom-point-false pxl-section-overflow-visible pxl-section-fix-none pxl-full-content-with-space-none pxl-bg-color-none pxl-section-overlay-none\" data-id=\"e664ee4\" data-element_type=\"section\" data-settings=\"{&quot;stretch_section&quot;:&quot;section-stretched&quot;,&quot;background_background&quot;:&quot;video&quot;,&quot;background_play_on_mobile&quot;:&quot;yes&quot;}\">\n\n                \n                <div class=\"elementor-container elementor-column-gap-default\">\n                <div class=\"elementor-column elementor-col-100 elementor-top-column elementor-element elementor-element-9dae166 pxl-column-none pxl-column-overflow-hidden-no\" data-id=\"9dae166\" data-element_type=\"column\">\r\n        <div class=\"elementor-widget-wrap elementor-element-populated\">\r\n                     \r\n        \t\t<div class=\"elementor-element elementor-element-4ae2cca elementor-widget elementor-widget-pxl_slider_carousel\" data-id=\"4ae2cca\" data-element_type=\"widget\" data-widget_type=\"pxl_slider_carousel.default\">\n\t\t\t\t<div class=\"elementor-widget-container\">\n\t\t\t\t\t    <div class=\"pxl-swiper-slider pxl-slider-carousel2 pxl-parent-cursor pxl-parent-transition pxl-swiper-arrow-show\" data-view-auto=\"6\">\n        <div class=\"swiper main-slider\">\n            <div class=\"pxl-swiper-container\" dir=\"ltr\" data-settings=\"{&quot;slide_percolumn&quot;:1,&quot;slide_direction&quot;:&quot;vertical&quot;,&quot;slide_mode&quot;:&quot;slide&quot;,&quot;slides_to_show&quot;:6,&quot;slides_to_show_xxl&quot;:6,&quot;slides_to_show_lg&quot;:6,&quot;slides_to_show_md&quot;:6,&quot;slides_to_show_sm&quot;:6,&quot;slides_to_show_xs&quot;:6,&quot;slides_to_scroll&quot;:1,&quot;arrow&quot;:true,&quot;pagination&quot;:true,&quot;pagination_type&quot;:&quot;bullets&quot;,&quot;autoplay&quot;:false,&quot;pause_on_hover&quot;:false,&quot;center&quot;:false,&quot;pause_on_interaction&quot;:true,&quot;delay&quot;:5000,&quot;loop&quot;:false,&quot;speed&quot;:500}\">\n                <div class=\"pxl-swiper-wrapper\">\n                                            <div class=\"pxl-swiper-slide pxl-slider--text\" data-key=\"0\">\n                                                            <a class=\"slide-title el-empty pxl-transtion\" href=\"https:\/\/mes360.lt\/en\/apie-mus\/\" data-firstline=\"View\" data-secondline=\"Project\">\n                                                                            <p class=\"pxl-item--subtitle\">01.<\/p>\n                                                                        <h2 class=\"pxl-item--title\" data-split=\"lines\">Apie Mus<\/h2>\n                                <\/a>\n                                                    <\/div>\n                                            <div class=\"pxl-swiper-slide pxl-slider--text\" data-key=\"1\">\n                                                            <a class=\"slide-title el-empty pxl-transtion\" href=\"https:\/\/mes360.lt\/en\/tinklapiai\/\" data-firstline=\"View\" data-secondline=\"Project\">\n                                                                            <p class=\"pxl-item--subtitle\">02.<\/p>\n                                                                        <h2 class=\"pxl-item--title\" data-split=\"lines\">Tinklapiai<\/h2>\n                                <\/a>\n                                                    <\/div>\n                                            <div class=\"pxl-swiper-slide pxl-slider--text\" data-key=\"2\">\n                                                            <a class=\"slide-title el-empty pxl-transtion\" href=\"https:\/\/mes360.lt\/en\/medija\/\" data-firstline=\"View\" data-secondline=\"Project\">\n                                                                            <p class=\"pxl-item--subtitle\">03.<\/p>\n                                                                        <h2 class=\"pxl-item--title\" data-split=\"lines\">Medija<\/h2>\n                                <\/a>\n                                                    <\/div>\n                                            <div class=\"pxl-swiper-slide pxl-slider--text\" data-key=\"3\">\n                                                            <a class=\"slide-title el-empty pxl-transtion\" href=\"https:\/\/mes360.lt\/en\/reklama\/\" data-firstline=\"View\" data-secondline=\"Project\">\n                                                                            <p class=\"pxl-item--subtitle\">04.<\/p>\n                                                                        <h2 class=\"pxl-item--title\" data-split=\"lines\">Reklama<\/h2>\n                                <\/a>\n                                                    <\/div>\n                                            <div class=\"pxl-swiper-slide pxl-slider--text\" data-key=\"4\">\n                                                            <a class=\"slide-title el-empty pxl-transtion\" href=\"https:\/\/mes360.lt\/en\/360vr\/\" data-firstline=\"View\" data-secondline=\"Project\">\n                                                                            <p class=\"pxl-item--subtitle\">05.<\/p>\n                                                                        <h2 class=\"pxl-item--title\" data-split=\"lines\">360\u00ba  VR<\/h2>\n                                <\/a>\n                                                    <\/div>\n                                            <div class=\"pxl-swiper-slide pxl-slider--text\" data-key=\"5\">\n                                                            <a class=\"slide-title el-empty pxl-transtion\" href=\"https:\/\/mes360.lt\/en\/kontaktai\/\" data-firstline=\"View\" data-secondline=\"Project\">\n                                                                            <p class=\"pxl-item--subtitle\">06.<\/p>\n                                                                        <h2 class=\"pxl-item--title\" data-split=\"lines\">Kontaktai<\/h2>\n                                <\/a>\n                                                    <\/div>\n                                    <\/div>\n            <\/div>\n        <\/div>\n\n        <div class=\"pxl-swiper-images\" data-settings=\"{&quot;slide_direction&quot;:&quot;horizontal&quot;,&quot;slides_to_show&quot;:3,&quot;slide_mode&quot;:&quot;creative&quot;,&quot;loop&quot;:false}\">\n            <div class=\"pxl-swiper-wrapper swiper-wrapper\">\n                                    <div class=\"pxl-swiper-slide\" data-key=\"0\">\n                        <div class=\"img-mask slider-inner\">\n                                                            <div class=\"section-image\">\n                                    <img fetchpriority=\"high\" decoding=\"async\" class=\"item-image grid__item-img\" src=\"https:\/\/mes360.lt\/wp-content\/uploads\/2026\/01\/MES360-apie-mus-630x820.webp\" width=\"630\" height=\"820\" alt=\"MES360-apie-mus\" title=\"MES360-apie-mus\" \/>                                <\/div>\n                                                    <\/div>\n                    <\/div>\n                                    <div class=\"pxl-swiper-slide\" data-key=\"1\">\n                        <div class=\"img-mask slider-inner\">\n                                                            <div class=\"section-image\">\n                                    <img decoding=\"async\" class=\"item-image grid__item-img\" src=\"https:\/\/mes360.lt\/wp-content\/uploads\/2026\/01\/MES360-tinklapiai-2-630x820.webp\" width=\"630\" height=\"820\" alt=\"MES360-tinklapiai-2\" title=\"MES360-tinklapiai-2\" \/>                                <\/div>\n                                                    <\/div>\n                    <\/div>\n                                    <div class=\"pxl-swiper-slide\" data-key=\"2\">\n                        <div class=\"img-mask slider-inner\">\n                                                            <div class=\"section-image\">\n                                    <img decoding=\"async\" class=\"item-image grid__item-img\" src=\"https:\/\/mes360.lt\/wp-content\/uploads\/2026\/01\/MES360-medija-2-630x820.webp\" width=\"630\" height=\"820\" alt=\"MES360-medija-2\" title=\"MES360-medija-2\" \/>                                <\/div>\n                                                    <\/div>\n                    <\/div>\n                                    <div class=\"pxl-swiper-slide\" data-key=\"3\">\n                        <div class=\"img-mask slider-inner\">\n                                                            <div class=\"section-image\">\n                                    <img loading=\"lazy\" decoding=\"async\" class=\"item-image grid__item-img\" src=\"https:\/\/mes360.lt\/wp-content\/uploads\/2026\/01\/MES360-seo-reklama-2-630x820.webp\" width=\"630\" height=\"820\" alt=\"MES360-seo-reklama-2\" title=\"MES360-seo-reklama-2\" \/>                                <\/div>\n                                                    <\/div>\n                    <\/div>\n                                    <div class=\"pxl-swiper-slide\" data-key=\"4\">\n                        <div class=\"img-mask slider-inner\">\n                                                            <div class=\"section-image\">\n                                    <img loading=\"lazy\" decoding=\"async\" class=\"item-image grid__item-img\" src=\"https:\/\/mes360.lt\/wp-content\/uploads\/2026\/01\/MES360-VR-360-5-630x820.webp\" width=\"630\" height=\"820\" alt=\"MES360-VR-360-5\" title=\"MES360-VR-360-5\" \/>                                <\/div>\n                                                    <\/div>\n                    <\/div>\n                                    <div class=\"pxl-swiper-slide\" data-key=\"5\">\n                        <div class=\"img-mask slider-inner\">\n                                                            <div class=\"section-image\">\n                                    <img loading=\"lazy\" decoding=\"async\" class=\"item-image grid__item-img\" src=\"https:\/\/mes360.lt\/wp-content\/uploads\/2026\/01\/MES360-kontaktai-1-630x820.webp\" width=\"630\" height=\"820\" alt=\"MES360-kontaktai-1\" title=\"MES360-kontaktai-1\" \/>                                <\/div>\n                                                    <\/div>\n                    <\/div>\n                            <\/div>\n        <\/div>\n\n        <div class=\"btn circle-primary circle-link\">\n            <span class=\"circle-inner circle-primary\">\n                <svg viewbox=\"0 0 100 100\" xmlns=\"http:\/\/www.w3.org\/2000\/svg\">\n                    <defs>\n                        <path id=\"circle_Path\" d=\"M 10, 50 a 40,40 0 1,1 80,0 40,40 0 1,1 -80,0\" \/>\n                    <\/defs>\n                    <text>\n                        <textpath href=\"#circle_Path\" class=\"svg-text\">MES 360&nbsp;&nbsp;&nbsp;&nbsp;&nbsp;MES 360<\/textpath>\n                    <\/text>\n                <\/svg>\n                <span class=\"slot\">\n                    <svg xmlns=\"http:\/\/www.w3.org\/2000\/svg\" width=\"80\" height=\"80\" viewbox=\"0 0 80 80\" fill=\"none\">\n                        <path d=\"M40 5C34.0347 5.00662 28.3155 7.37927 24.0974 11.5974C19.8793 15.8155 17.5066 21.5347 17.5 27.5V52.5C17.5 58.4674 19.8705 64.1903 24.0901 68.4099C28.3097 72.6295 34.0326 75 40 75C45.9674 75 51.6903 72.6295 55.9099 68.4099C60.1295 64.1903 62.5 58.4674 62.5 52.5V27.5C62.4934 21.5347 60.1207 15.8155 55.9026 11.5974C51.6845 7.37927 45.9653 5.00662 40 5ZM42.5 32.5C42.5 33.163 42.2366 33.7989 41.7678 34.2678C41.2989 34.7366 40.663 35 40 35C39.337 35 38.7011 34.7366 38.2322 34.2678C37.7634 33.7989 37.5 33.163 37.5 32.5V22.5C37.5 21.837 37.7634 21.2011 38.2322 20.7322C38.7011 20.2634 39.337 20 40 20C40.663 20 41.2989 20.2634 41.7678 20.7322C42.2366 21.2011 42.5 21.837 42.5 22.5V32.5Z\" fill=\"#F25749\" \/>\n                    <\/svg>\n                <\/span>\n            <\/span>\n        <\/div>\n    <\/div>\n\t\t\t\t<\/div>\n\t\t\t\t<\/div>\n\t\t            <\/div>\r\n        <\/div>\r\n        \t\t\t<\/div>\n\t\t<\/section>\n\t\t        <section class=\"elementor-section elementor-top-section elementor-element elementor-element-3867185 slider-scroll-contact elementor-hidden-mobile_extra elementor-hidden-mobile elementor-section-boxed elementor-section-height-default elementor-section-height-default pxl-row-scroll-none pxl-zoom-point-false pxl-section-overflow-visible pxl-section-fix-none pxl-bg-color-none pxl-section-overlay-none\" data-id=\"3867185\" data-element_type=\"section\">\n\n                \n                <div class=\"elementor-container elementor-column-gap-default\">\n                <div class=\"elementor-column elementor-col-33 elementor-top-column elementor-element elementor-element-9afa30c pxl-column-none pxl-column-overflow-hidden-no\" data-id=\"9afa30c\" data-element_type=\"column\">\r\n        <div class=\"elementor-widget-wrap elementor-element-populated\">\r\n                     \r\n        \t\t<div class=\"elementor-element elementor-element-89d05f0 elementor-widget elementor-widget-pxl_text_editor\" data-id=\"89d05f0\" data-element_type=\"widget\" data-widget_type=\"pxl_text_editor.default\">\n\t\t\t\t<div class=\"elementor-widget-container\">\n\t\t\t\t\t<div class=\"pxl-text-editor highlight-gradient\">\n\t<div class=\"pxl-item--inner\" data-wow-delay=\"ms\">\n\t\t<p>Prad\u0117kime J\u016bs\u0173 projekt\u0105<\/p>\t\t\n\t<\/div>\n<\/div>\t\t\t\t<\/div>\n\t\t\t\t<\/div>\n\t\t\t\t<div class=\"elementor-element elementor-element-e22bf1a elementor-widget__width-inherit link-email elementor-widget-tablet__width-auto elementor-widget-mobile_extra__width-auto elementor-widget elementor-widget-pxl_link\" data-id=\"e22bf1a\" data-element_type=\"widget\" data-widget_type=\"pxl_link.default\">\n\t\t\t\t<div class=\"elementor-widget-container\">\n\t\t\t\t\t<div class=\"pxl-link-wrap\">\r\n    <h3 class=\"pxl-widget-title pxl-empty\"><\/h3>\r\n            <ul id=\"pxl-link-pxl_link-e22bf1a-2255\" class=\"pxl-link pxl-link-l1 style-default type-vertical\">\r\n                                <li class=\"pxl-item--link\">\r\n                        <a class=\"\" href=\"mailto:info@mes360.lt\">\r\n                                                        <span class=\"pxl-link--text\" data-link-hover-scale =\"info@mes360.lt\">info@mes360.lt<\/span>\r\n                        <\/a>\r\n                    <\/li>\r\n                    <\/ul>\r\n    <\/div>\t\t\t\t<\/div>\n\t\t\t\t<\/div>\n\t\t            <\/div>\r\n        <\/div>\r\n                <div class=\"elementor-column elementor-col-66 elementor-top-column elementor-element elementor-element-fae81d0 pxl-column-none pxl-column-overflow-hidden-no\" data-id=\"fae81d0\" data-element_type=\"column\">\r\n        <div class=\"elementor-widget-wrap elementor-element-populated\">\r\n                     \r\n        \t\t<div class=\"elementor-element elementor-element-856e9b2 elementor-widget__width-auto link-tel elementor-widget elementor-widget-pxl_link\" data-id=\"856e9b2\" data-element_type=\"widget\" data-widget_type=\"pxl_link.default\">\n\t\t\t\t<div class=\"elementor-widget-container\">\n\t\t\t\t\t<div class=\"pxl-link-wrap\">\r\n    <h3 class=\"pxl-widget-title pxl-empty\"><\/h3>\r\n            <ul id=\"pxl-link-pxl_link-856e9b2-3522\" class=\"pxl-link pxl-link-l1 style-default type-vertical\">\r\n                                <li class=\"pxl-item--link\">\r\n                        <a class=\"\" href=\"tel:+370 646 52672\">\r\n                                                            <span class=\"pxl-link--icon bg-normal\">\r\n                                    <i aria-hidden=\"true\" class=\"far fa-plus\"><\/i>                                <\/span>\r\n                                                        <span class=\"pxl-link--text\" data-link-hover-scale =\"370 646 52672\">370 646 52672<\/span>\r\n                        <\/a>\r\n                    <\/li>\r\n                    <\/ul>\r\n    <\/div>\t\t\t\t<\/div>\n\t\t\t\t<\/div>\n\t\t            <\/div>\r\n        <\/div>\r\n        \t\t\t<\/div>\n\t\t<\/section>\n\t\t\t\t<\/div>","protected":false},"excerpt":{"rendered":"<p>01. Apie Mus 02. Tinklapiai 03. Medija 04. Reklama 05. 360\u00ba VR 06. Kontaktai MES 360&nbsp;&nbsp;&nbsp;&nbsp;&nbsp;MES 360 Prad\u0117kime J\u016bs\u0173 projekt\u0105 info@mes360.lt 370 646 52672<\/p>","protected":false},"author":5,"featured_media":0,"parent":0,"menu_order":0,"comment_status":"closed","ping_status":"closed","template":"","meta":{"footnotes":""},"class_list":["post-4021","page","type-page","status-publish","hentry"],"yoast_head":"<!-- This site is optimized with the Yoast SEO plugin v25.3.1 - https:\/\/yoast.com\/wordpress\/plugins\/seo\/ -->\n<title>Pagrindinis - MES360<\/title>\n<meta name=\"description\" content=\"Media paslaugos verslui: kuriame profesional\u0173 turin\u012f, reklam\u0105, ap\u017evalgas, tinklapius ir 360\u00b0 VR sprendimus. Padedame preki\u0173 \u017eenklams augti.\" \/>\n<meta name=\"robots\" content=\"index, follow, max-snippet:-1, max-image-preview:large, max-video-preview:-1\" \/>\n<link rel=\"canonical\" href=\"https:\/\/mes360.lt\/en\/\" \/>\n<meta property=\"og:locale\" content=\"en_US\" \/>\n<meta property=\"og:type\" content=\"article\" \/>\n<meta property=\"og:title\" content=\"Pagrindinis - MES360\" \/>\n<meta property=\"og:description\" content=\"Media paslaugos verslui: kuriame profesional\u0173 turin\u012f, reklam\u0105, ap\u017evalgas, tinklapius ir 360\u00b0 VR sprendimus. Padedame preki\u0173 \u017eenklams augti.\" \/>\n<meta property=\"og:url\" content=\"https:\/\/mes360.lt\/en\/\" \/>\n<meta property=\"og:site_name\" content=\"MES360\" \/>\n<meta property=\"article:publisher\" content=\"https:\/\/www.facebook.com\/mes360\" \/>\n<meta property=\"article:modified_time\" content=\"2026-01-23T13:30:46+00:00\" \/>\n<meta property=\"og:image\" content=\"https:\/\/mes360.lt\/wp-content\/uploads\/2026\/01\/MES360-apie-mus-630x820.webp\" \/>\n<meta name=\"twitter:card\" content=\"summary_large_image\" \/>\n<meta name=\"twitter:label1\" content=\"Est. reading time\" \/>\n\t<meta name=\"twitter:data1\" content=\"2 minutes\" \/>\n<script type=\"application\/ld+json\" class=\"yoast-schema-graph\">{\"@context\":\"https:\/\/schema.org\",\"@graph\":[{\"@type\":\"WebPage\",\"@id\":\"https:\/\/mes360.lt\/\",\"url\":\"https:\/\/mes360.lt\/\",\"name\":\"Pagrindinis - MES360\",\"isPartOf\":{\"@id\":\"https:\/\/mes360.lt\/#website\"},\"primaryImageOfPage\":{\"@id\":\"https:\/\/mes360.lt\/#primaryimage\"},\"image\":{\"@id\":\"https:\/\/mes360.lt\/#primaryimage\"},\"thumbnailUrl\":\"https:\/\/mes360.lt\/wp-content\/uploads\/2026\/01\/MES360-apie-mus-630x820.webp\",\"datePublished\":\"2025-04-05T04:19:47+00:00\",\"dateModified\":\"2026-01-23T13:30:46+00:00\",\"description\":\"Media paslaugos verslui: kuriame profesional\u0173 turin\u012f, reklam\u0105, ap\u017evalgas, tinklapius ir 360\u00b0 VR sprendimus. Padedame preki\u0173 \u017eenklams augti.\",\"breadcrumb\":{\"@id\":\"https:\/\/mes360.lt\/#breadcrumb\"},\"inLanguage\":\"en-US\",\"potentialAction\":[{\"@type\":\"ReadAction\",\"target\":[\"https:\/\/mes360.lt\/\"]}]},{\"@type\":\"ImageObject\",\"inLanguage\":\"en-US\",\"@id\":\"https:\/\/mes360.lt\/#primaryimage\",\"url\":\"https:\/\/mes360.lt\/wp-content\/uploads\/2026\/01\/MES360-apie-mus-630x820.webp\",\"contentUrl\":\"https:\/\/mes360.lt\/wp-content\/uploads\/2026\/01\/MES360-apie-mus-630x820.webp\"},{\"@type\":\"BreadcrumbList\",\"@id\":\"https:\/\/mes360.lt\/#breadcrumb\",\"itemListElement\":[{\"@type\":\"ListItem\",\"position\":1,\"name\":\"Home\",\"item\":\"https:\/\/mes360.lt\/\"},{\"@type\":\"ListItem\",\"position\":2,\"name\":\"Pagrindinis\"}]},{\"@type\":\"WebSite\",\"@id\":\"https:\/\/mes360.lt\/#website\",\"url\":\"https:\/\/mes360.lt\/\",\"name\":\"MES360\",\"description\":\"Skaitmenin\u0117s reklamos agent\u016bra\",\"publisher\":{\"@id\":\"https:\/\/mes360.lt\/#organization\"},\"potentialAction\":[{\"@type\":\"SearchAction\",\"target\":{\"@type\":\"EntryPoint\",\"urlTemplate\":\"https:\/\/mes360.lt\/?s={search_term_string}\"},\"query-input\":{\"@type\":\"PropertyValueSpecification\",\"valueRequired\":true,\"valueName\":\"search_term_string\"}}],\"inLanguage\":\"en-US\"},{\"@type\":\"Organization\",\"@id\":\"https:\/\/mes360.lt\/#organization\",\"name\":\"MES360\",\"url\":\"https:\/\/mes360.lt\/\",\"logo\":{\"@type\":\"ImageObject\",\"inLanguage\":\"en-US\",\"@id\":\"https:\/\/mes360.lt\/#\/schema\/logo\/image\/\",\"url\":\"https:\/\/mes360.lt\/wp-content\/uploads\/2025\/06\/MES360-icon-512-x-512-piks.png\",\"contentUrl\":\"https:\/\/mes360.lt\/wp-content\/uploads\/2025\/06\/MES360-icon-512-x-512-piks.png\",\"width\":512,\"height\":512,\"caption\":\"MES360\"},\"image\":{\"@id\":\"https:\/\/mes360.lt\/#\/schema\/logo\/image\/\"},\"sameAs\":[\"https:\/\/www.facebook.com\/mes360\",\"https:\/\/www.instagram.com\/mes360.lt\/\"]}]}<\/script>\n<!-- \/ Yoast SEO plugin. -->","yoast_head_json":{"title":"Pagrindinis - MES360","description":"Media paslaugos verslui: kuriame profesional\u0173 turin\u012f, reklam\u0105, ap\u017evalgas, tinklapius ir 360\u00b0 VR sprendimus. Padedame preki\u0173 \u017eenklams augti.","robots":{"index":"index","follow":"follow","max-snippet":"max-snippet:-1","max-image-preview":"max-image-preview:large","max-video-preview":"max-video-preview:-1"},"canonical":"https:\/\/mes360.lt\/en\/","og_locale":"en_US","og_type":"article","og_title":"Pagrindinis - MES360","og_description":"Media paslaugos verslui: kuriame profesional\u0173 turin\u012f, reklam\u0105, ap\u017evalgas, tinklapius ir 360\u00b0 VR sprendimus. Padedame preki\u0173 \u017eenklams augti.","og_url":"https:\/\/mes360.lt\/en\/","og_site_name":"MES360","article_publisher":"https:\/\/www.facebook.com\/mes360","article_modified_time":"2026-01-23T13:30:46+00:00","og_image":[{"url":"https:\/\/mes360.lt\/wp-content\/uploads\/2026\/01\/MES360-apie-mus-630x820.webp","type":"","width":"","height":""}],"twitter_card":"summary_large_image","twitter_misc":{"Est. reading time":"2 minutes"},"schema":{"@context":"https:\/\/schema.org","@graph":[{"@type":"WebPage","@id":"https:\/\/mes360.lt\/","url":"https:\/\/mes360.lt\/","name":"Pagrindinis - MES360","isPartOf":{"@id":"https:\/\/mes360.lt\/#website"},"primaryImageOfPage":{"@id":"https:\/\/mes360.lt\/#primaryimage"},"image":{"@id":"https:\/\/mes360.lt\/#primaryimage"},"thumbnailUrl":"https:\/\/mes360.lt\/wp-content\/uploads\/2026\/01\/MES360-apie-mus-630x820.webp","datePublished":"2025-04-05T04:19:47+00:00","dateModified":"2026-01-23T13:30:46+00:00","description":"Media paslaugos verslui: kuriame profesional\u0173 turin\u012f, reklam\u0105, ap\u017evalgas, tinklapius ir 360\u00b0 VR sprendimus. Padedame preki\u0173 \u017eenklams augti.","breadcrumb":{"@id":"https:\/\/mes360.lt\/#breadcrumb"},"inLanguage":"en-US","potentialAction":[{"@type":"ReadAction","target":["https:\/\/mes360.lt\/"]}]},{"@type":"ImageObject","inLanguage":"en-US","@id":"https:\/\/mes360.lt\/#primaryimage","url":"https:\/\/mes360.lt\/wp-content\/uploads\/2026\/01\/MES360-apie-mus-630x820.webp","contentUrl":"https:\/\/mes360.lt\/wp-content\/uploads\/2026\/01\/MES360-apie-mus-630x820.webp"},{"@type":"BreadcrumbList","@id":"https:\/\/mes360.lt\/#breadcrumb","itemListElement":[{"@type":"ListItem","position":1,"name":"Home","item":"https:\/\/mes360.lt\/"},{"@type":"ListItem","position":2,"name":"Pagrindinis"}]},{"@type":"WebSite","@id":"https:\/\/mes360.lt\/#website","url":"https:\/\/mes360.lt\/","name":"MES360","description":"Skaitmenin\u0117s reklamos agent\u016bra","publisher":{"@id":"https:\/\/mes360.lt\/#organization"},"potentialAction":[{"@type":"SearchAction","target":{"@type":"EntryPoint","urlTemplate":"https:\/\/mes360.lt\/?s={search_term_string}"},"query-input":{"@type":"PropertyValueSpecification","valueRequired":true,"valueName":"search_term_string"}}],"inLanguage":"en-US"},{"@type":"Organization","@id":"https:\/\/mes360.lt\/#organization","name":"MES360","url":"https:\/\/mes360.lt\/","logo":{"@type":"ImageObject","inLanguage":"en-US","@id":"https:\/\/mes360.lt\/#\/schema\/logo\/image\/","url":"https:\/\/mes360.lt\/wp-content\/uploads\/2025\/06\/MES360-icon-512-x-512-piks.png","contentUrl":"https:\/\/mes360.lt\/wp-content\/uploads\/2025\/06\/MES360-icon-512-x-512-piks.png","width":512,"height":512,"caption":"MES360"},"image":{"@id":"https:\/\/mes360.lt\/#\/schema\/logo\/image\/"},"sameAs":["https:\/\/www.facebook.com\/mes360","https:\/\/www.instagram.com\/mes360.lt\/"]}]}},"_links":{"self":[{"href":"https:\/\/mes360.lt\/en\/wp-json\/wp\/v2\/pages\/4021","targetHints":{"allow":["GET"]}}],"collection":[{"href":"https:\/\/mes360.lt\/en\/wp-json\/wp\/v2\/pages"}],"about":[{"href":"https:\/\/mes360.lt\/en\/wp-json\/wp\/v2\/types\/page"}],"author":[{"embeddable":true,"href":"https:\/\/mes360.lt\/en\/wp-json\/wp\/v2\/users\/5"}],"replies":[{"embeddable":true,"href":"https:\/\/mes360.lt\/en\/wp-json\/wp\/v2\/comments?post=4021"}],"version-history":[{"count":139,"href":"https:\/\/mes360.lt\/en\/wp-json\/wp\/v2\/pages\/4021\/revisions"}],"predecessor-version":[{"id":6519,"href":"https:\/\/mes360.lt\/en\/wp-json\/wp\/v2\/pages\/4021\/revisions\/6519"}],"wp:attachment":[{"href":"https:\/\/mes360.lt\/en\/wp-json\/wp\/v2\/media?parent=4021"}],"curies":[{"name":"wp","href":"https:\/\/api.w.org\/{rel}","templated":true}]}}